{"id":1596,"date":"2021-02-09T14:14:23","date_gmt":"2021-02-09T14:14:23","guid":{"rendered":"https:\/\/wall-paintings.be\/methode-de-travail\/"},"modified":"2023-05-04T08:52:41","modified_gmt":"2023-05-04T08:52:41","slug":"methode-de-travail","status":"publish","type":"page","link":"https:\/\/wall-paintings.be\/fr\/methode-de-travail\/","title":{"rendered":"M\u00e9thode de travail"},"content":{"rendered":"\t\t<div data-elementor-type=\"wp-page\" data-elementor-id=\"1596\" class=\"elementor elementor-1596\" data-elementor-post-type=\"page\">\n\t\t\t\t\t\t<section class=\"elementor-section elementor-top-section elementor-element elementor-element-7f5346c1 elementor-section-boxed elementor-section-height-default elementor-section-height-default\" data-id=\"7f5346c1\" data-element_type=\"section\" data-settings=\"{&quot;ekit_has_onepagescroll_dot&quot;:&quot;yes&quot;}\">\n\t\t\t\t\t\t<div class=\"elementor-container elementor-column-gap-default\">\n\t\t\t\t\t<div class=\"elementor-column elementor-col-50 elementor-top-column elementor-element elementor-element-41bebd94\" data-id=\"41bebd94\" data-element_type=\"column\">\n\t\t\t<div class=\"elementor-widget-wrap\">\n\t\t\t\t\t\t\t<\/div>\n\t\t<\/div>\n\t\t\t\t<div class=\"elementor-column elementor-col-50 elementor-top-column elementor-element elementor-element-2cc20937\" data-id=\"2cc20937\" data-element_type=\"column\">\n\t\t\t<div class=\"elementor-widget-wrap\">\n\t\t\t\t\t\t\t<\/div>\n\t\t<\/div>\n\t\t\t\t\t<\/div>\n\t\t<\/section>\n\t\t\t\t<section class=\"elementor-section elementor-top-section elementor-element elementor-element-46075d02 elementor-section-boxed elementor-section-height-default elementor-section-height-default\" data-id=\"46075d02\" data-element_type=\"section\" data-settings=\"{&quot;ekit_has_onepagescroll_dot&quot;:&quot;yes&quot;}\">\n\t\t\t\t\t\t<div class=\"elementor-container elementor-column-gap-default\">\n\t\t\t\t\t<div class=\"elementor-column elementor-col-100 elementor-top-column elementor-element elementor-element-2b955a5\" data-id=\"2b955a5\" data-element_type=\"column\">\n\t\t\t<div class=\"elementor-widget-wrap elementor-element-populated\">\n\t\t\t\t\t\t<div class=\"elementor-element elementor-element-21fa3ead elementor-widget elementor-widget-heading\" data-id=\"21fa3ead\" data-element_type=\"widget\" data-settings=\"{&quot;ekit_we_effect_on&quot;:&quot;none&quot;}\" data-widget_type=\"heading.default\">\n\t\t\t\t<div class=\"elementor-widget-container\">\n\t\t\t\t\t<h2 class=\"elementor-heading-title elementor-size-default\">M\u00e9thode de travail<\/h2>\t\t\t\t<\/div>\n\t\t\t\t<\/div>\n\t\t\t\t<div class=\"elementor-element elementor-element-eff1d1c elementor-widget-divider--view-line elementor-widget elementor-widget-divider\" data-id=\"eff1d1c\" data-element_type=\"widget\" data-settings=\"{&quot;ekit_we_effect_on&quot;:&quot;none&quot;}\" data-widget_type=\"divider.default\">\n\t\t\t\t<div class=\"elementor-widget-container\">\n\t\t\t\t\t\t\t<div class=\"elementor-divider\">\n\t\t\t<span class=\"elementor-divider-separator\">\n\t\t\t\t\t\t<\/span>\n\t\t<\/div>\n\t\t\t\t\t\t<\/div>\n\t\t\t\t<\/div>\n\t\t\t\t\t<\/div>\n\t\t<\/div>\n\t\t\t\t\t<\/div>\n\t\t<\/section>\n\t\t\t\t<section class=\"elementor-section elementor-top-section elementor-element elementor-element-abb18d5 elementor-section-content-middle elementor-reverse-tablet elementor-reverse-mobile elementor-section-boxed elementor-section-height-default elementor-section-height-default\" data-id=\"abb18d5\" data-element_type=\"section\" data-settings=\"{&quot;background_background&quot;:&quot;classic&quot;,&quot;ekit_has_onepagescroll_dot&quot;:&quot;yes&quot;}\">\n\t\t\t\t\t\t<div class=\"elementor-container elementor-column-gap-wider\">\n\t\t\t\t\t<div class=\"elementor-column elementor-col-50 elementor-top-column elementor-element elementor-element-78adac0b\" data-id=\"78adac0b\" data-element_type=\"column\">\n\t\t\t<div class=\"elementor-widget-wrap elementor-element-populated\">\n\t\t\t\t\t\t<div class=\"elementor-element elementor-element-49a6bea animated-fast elementor-invisible elementor-widget elementor-widget-image\" data-id=\"49a6bea\" data-element_type=\"widget\" data-settings=\"{&quot;_animation&quot;:&quot;fadeInUp&quot;,&quot;ekit_we_effect_on&quot;:&quot;none&quot;}\" data-widget_type=\"image.default\">\n\t\t\t\t<div class=\"elementor-widget-container\">\n\t\t\t\t\t\t\t\t\t\t\t\t\t\t\t<img fetchpriority=\"high\" decoding=\"async\" width=\"303\" height=\"280\" src=\"https:\/\/wall-paintings.be\/wp-content\/uploads\/2021\/01\/6.jpg\" class=\"attachment-full size-full wp-image-1084\" alt=\"\" srcset=\"https:\/\/wall-paintings.be\/wp-content\/uploads\/2021\/01\/6.jpg 303w, https:\/\/wall-paintings.be\/wp-content\/uploads\/2021\/01\/6-300x277.jpg 300w\" sizes=\"(max-width: 303px) 100vw, 303px\">\t\t\t\t\t\t\t\t\t\t\t\t\t\t\t<\/div>\n\t\t\t\t<\/div>\n\t\t\t\t<div class=\"elementor-element elementor-element-565441ab animated-fast elementor-invisible elementor-widget elementor-widget-image\" data-id=\"565441ab\" data-element_type=\"widget\" data-settings=\"{&quot;_animation&quot;:&quot;fadeInUp&quot;,&quot;ekit_we_effect_on&quot;:&quot;none&quot;}\" data-widget_type=\"image.default\">\n\t\t\t\t<div class=\"elementor-widget-container\">\n\t\t\t\t\t\t\t\t\t\t\t\t\t\t\t<img decoding=\"async\" width=\"412\" height=\"413\" src=\"https:\/\/wall-paintings.be\/wp-content\/uploads\/2021\/01\/5.jpg\" class=\"attachment-full size-full wp-image-1083\" alt=\"\" srcset=\"https:\/\/wall-paintings.be\/wp-content\/uploads\/2021\/01\/5.jpg 412w, https:\/\/wall-paintings.be\/wp-content\/uploads\/2021\/01\/5-300x300.jpg 300w, https:\/\/wall-paintings.be\/wp-content\/uploads\/2021\/01\/5-150x150.jpg 150w\" sizes=\"(max-width: 412px) 100vw, 412px\">\t\t\t\t\t\t\t\t\t\t\t\t\t\t\t<\/div>\n\t\t\t\t<\/div>\n\t\t\t\t\t<\/div>\n\t\t<\/div>\n\t\t\t\t<div class=\"elementor-column elementor-col-50 elementor-top-column elementor-element elementor-element-21fe8f1e\" data-id=\"21fe8f1e\" data-element_type=\"column\">\n\t\t\t<div class=\"elementor-widget-wrap elementor-element-populated\">\n\t\t\t\t\t\t<div class=\"elementor-element elementor-element-7dd5fde5 elementor-widget elementor-widget-heading\" data-id=\"7dd5fde5\" data-element_type=\"widget\" data-settings=\"{&quot;ekit_we_effect_on&quot;:&quot;none&quot;}\" data-widget_type=\"heading.default\">\n\t\t\t\t<div class=\"elementor-widget-container\">\n\t\t\t\t\t<h2 class=\"elementor-heading-title elementor-size-default\">Votre peinture murale, de l'id\u00e9e \u00e0 la r\u00e9alisation<\/h2>\t\t\t\t<\/div>\n\t\t\t\t<\/div>\n\t\t\t\t<div class=\"elementor-element elementor-element-645c7a7 elementor-widget-divider--view-line elementor-widget elementor-widget-divider\" data-id=\"645c7a7\" data-element_type=\"widget\" data-settings=\"{&quot;ekit_we_effect_on&quot;:&quot;none&quot;}\" data-widget_type=\"divider.default\">\n\t\t\t\t<div class=\"elementor-widget-container\">\n\t\t\t\t\t\t\t<div class=\"elementor-divider\">\n\t\t\t<span class=\"elementor-divider-separator\">\n\t\t\t\t\t\t<\/span>\n\t\t<\/div>\n\t\t\t\t\t\t<\/div>\n\t\t\t\t<\/div>\n\t\t\t\t<div class=\"elementor-element elementor-element-7a569b82 elementor-widget elementor-widget-text-editor\" data-id=\"7a569b82\" data-element_type=\"widget\" data-settings=\"{&quot;ekit_we_effect_on&quot;:&quot;none&quot;}\" data-widget_type=\"text-editor.default\">\n\t\t\t\t<div class=\"elementor-widget-container\">\n\t\t\t\t\t\t\t\t\t<p><span style=\"font-weight: 400;\">Souhaitez-vous une <\/span><b>peinture murale<\/b><span style=\"font-weight: 400;\"> et avez-vous d\u00e9j\u00e0 quelques <\/span><b>id\u00e9es<\/b><span style=\"font-weight: 400;\"> en t\u00eate ? Vous pouvez <\/span><a href=\"tel:0032474750486\"><b>m&rsquo;appeler<\/b><\/a><span style=\"font-weight: 400;\">, m&rsquo;envoyer un <\/span><a href=\"mailto:info@wall-paintings.be\"><b>e-mail<\/b><\/a> <span style=\"font-weight: 400;\">ou remplir mon <\/span><a href=\"\/fr\/contact\/\"><b>formulaire de contact<\/b><\/a><span style=\"font-weight: 400;\">. Vous pouvez m&rsquo;envoyer des <\/span><b>photos<\/b><span style=\"font-weight: 400;\"> ou des <\/span><b>croquis <\/b><span style=\"font-weight: 400;\">ainsi que toutes autres informations utiles (telles que <\/span><span style=\"font-weight: 400;\">les dimensions, la surface des murs, la distance entre le domicile et le lieu de travail). <\/span><span style=\"font-weight: 400;\">Ceci me permettra d\u2019\u00e9tablir un <\/span><a href=\"\/fr\/prix\/\"><b>prix indicatif<\/b><\/a><span style=\"font-weight: 400;\">. Si vous n&rsquo;avez <\/span><b>pas encore de projet<\/b><span style=\"font-weight: 400;\"> en t\u00eate, je serai <\/span><span style=\"font-weight: 400;\">heureuse<\/span><span style=\"font-weight: 400;\"> de vous <\/span><b>inspirer<\/b><span style=\"font-weight: 400;\"> avec des exemples tir\u00e9s de ma vaste <\/span><b>collection<\/b><span style=\"font-weight: 400;\"> d&rsquo;images.\u00a0<\/span><\/p><p><span style=\"font-weight: 400;\">Pour les <\/span><b>petites peintures murales<\/b><span style=\"font-weight: 400;\">, je ne viens <\/span><b>pas sur place<\/b><span style=\"font-weight: 400;\"> \u00e0 l&rsquo;avance. Avez-vous un <\/span><b>dessin particulier<\/b><span style=\"font-weight: 400;\"> en t\u00eate, souhaitez-vous une <\/span><b>combinaison<\/b><span style=\"font-weight: 400;\"> de diff\u00e9rents dessins ou un dessin sur un <\/span><b>mur <\/b><b>inclin\u00e9<\/b><span style=\"font-weight: 400;\"> ? <\/span><span style=\"font-weight: 400;\">Si la distance le permet, je vous rends visite afin de <\/span><b>discuter<\/b><span style=\"font-weight: 400;\"> des possibilit\u00e9s <\/span><span style=\"font-weight: 400;\">&#8211; si la distance le permet. <\/span><span style=\"font-weight: 400;\">Pour tout autre projet je fais les pr\u00e9paratifs \u00e0 distance par <\/span><b>t\u00e9l\u00e9phone<\/b><span style=\"font-weight: 400;\">, via <\/span><b>WhatsApp<\/b><span style=\"font-weight: 400;\"> ou <\/span><b>Messenger<\/b><span style=\"font-weight: 400;\">.\u00a0<\/span><\/p><p><span style=\"font-weight: 400;\">Au pr\u00e9alable et en concertation avec vous, je <b>projette<\/b> le dessin sur le mur. Ceci vous permet de d\u00e9cider si vous \u00eates satisfait de la <b>taille<\/b> en de la <b>position<\/b> sur le mur. Votre peinture murale n&rsquo;est peut-\u00eatre pas encore sur votre mur, mais vous aurez d\u00e9j\u00e0 une <b>id\u00e9e pr\u00e9cise<\/b> du r\u00e9sultat final.<\/span><\/p>\t\t\t\t\t\t\t\t<\/div>\n\t\t\t\t<\/div>\n\t\t\t\t<div class=\"elementor-element elementor-element-2a3eefc7 elementor-align-left elementor-tablet-align-center elementor-icon-list--layout-traditional elementor-list-item-link-full_width elementor-widget elementor-widget-icon-list\" data-id=\"2a3eefc7\" data-element_type=\"widget\" data-settings=\"{&quot;ekit_we_effect_on&quot;:&quot;none&quot;}\" data-widget_type=\"icon-list.default\">\n\t\t\t\t<div class=\"elementor-widget-container\">\n\t\t\t\t\t\t\t<ul class=\"elementor-icon-list-items\">\n\t\t\t\t\t\t\t<li class=\"elementor-icon-list-item\">\n\t\t\t\t\t\t\t\t\t\t\t<span class=\"elementor-icon-list-icon\">\n\t\t\t\t\t\t\t<i aria-hidden=\"true\" class=\"icon icon-check\"><\/i>\t\t\t\t\t\t<\/span>\n\t\t\t\t\t\t\t\t\t\t<span class=\"elementor-icon-list-text\">Tous les styles possibles<\/span>\n\t\t\t\t\t\t\t\t\t<\/li>\n\t\t\t\t\t\t\t\t<li class=\"elementor-icon-list-item\">\n\t\t\t\t\t\t\t\t\t\t\t<span class=\"elementor-icon-list-icon\">\n\t\t\t\t\t\t\t<i aria-hidden=\"true\" class=\"icon icon-check\"><\/i>\t\t\t\t\t\t<\/span>\n\t\t\t\t\t\t\t\t\t\t<span class=\"elementor-icon-list-text\">Bon rapport qualit\u00e9-prix<\/span>\n\t\t\t\t\t\t\t\t\t<\/li>\n\t\t\t\t\t\t\t\t<li class=\"elementor-icon-list-item\">\n\t\t\t\t\t\t\t\t\t\t\t<span class=\"elementor-icon-list-icon\">\n\t\t\t\t\t\t\t<i aria-hidden=\"true\" class=\"icon icon-check\"><\/i>\t\t\t\t\t\t<\/span>\n\t\t\t\t\t\t\t\t\t\t<span class=\"elementor-icon-list-text\">L'\u0153il pour le d\u00e9tail<\/span>\n\t\t\t\t\t\t\t\t\t<\/li>\n\t\t\t\t\t\t<\/ul>\n\t\t\t\t\t\t<\/div>\n\t\t\t\t<\/div>\n\t\t\t\t<div class=\"elementor-element elementor-element-4e296cc elementor-mobile-align-center elementor-tablet-align-center elementor-widget elementor-widget-button\" data-id=\"4e296cc\" data-element_type=\"widget\" data-settings=\"{&quot;ekit_we_effect_on&quot;:&quot;none&quot;}\" data-widget_type=\"button.default\">\n\t\t\t\t<div class=\"elementor-widget-container\">\n\t\t\t\t\t\t\t\t\t<div class=\"elementor-button-wrapper\">\n\t\t\t\t\t<a class=\"elementor-button elementor-button-link elementor-size-md\" href=\"\/fr\/contact\/\">\n\t\t\t\t\t\t<span class=\"elementor-button-content-wrapper\">\n\t\t\t\t\t\t\t\t\t<span class=\"elementor-button-text\">Contactez-moi<\/span>\n\t\t\t\t\t<\/span>\n\t\t\t\t\t<\/a>\n\t\t\t\t<\/div>\n\t\t\t\t\t\t\t\t<\/div>\n\t\t\t\t<\/div>\n\t\t\t\t\t<\/div>\n\t\t<\/div>\n\t\t\t\t\t<\/div>\n\t\t<\/section>\n\t\t\t\t<section class=\"elementor-section elementor-top-section elementor-element elementor-element-61286145 elementor-section-content-middle elementor-section-boxed elementor-section-height-default elementor-section-height-default\" data-id=\"61286145\" data-element_type=\"section\" data-settings=\"{&quot;ekit_has_onepagescroll_dot&quot;:&quot;yes&quot;}\">\n\t\t\t\t\t\t<div class=\"elementor-container elementor-column-gap-wider\">\n\t\t\t\t\t<div class=\"elementor-column elementor-col-50 elementor-top-column elementor-element elementor-element-5cdf5363\" data-id=\"5cdf5363\" data-element_type=\"column\">\n\t\t\t<div class=\"elementor-widget-wrap elementor-element-populated\">\n\t\t\t\t\t\t<div class=\"elementor-element elementor-element-1e1dd0b7 elementor-widget elementor-widget-heading\" data-id=\"1e1dd0b7\" data-element_type=\"widget\" data-settings=\"{&quot;ekit_we_effect_on&quot;:&quot;none&quot;}\" data-widget_type=\"heading.default\">\n\t\t\t\t<div class=\"elementor-widget-container\">\n\t\t\t\t\t<h2 class=\"elementor-heading-title elementor-size-default\">Toutes les informations pratiques sont list\u00e9es<\/h2>\t\t\t\t<\/div>\n\t\t\t\t<\/div>\n\t\t\t\t<div class=\"elementor-element elementor-element-04071fe elementor-widget-divider--view-line elementor-widget elementor-widget-divider\" data-id=\"04071fe\" data-element_type=\"widget\" data-settings=\"{&quot;ekit_we_effect_on&quot;:&quot;none&quot;}\" data-widget_type=\"divider.default\">\n\t\t\t\t<div class=\"elementor-widget-container\">\n\t\t\t\t\t\t\t<div class=\"elementor-divider\">\n\t\t\t<span class=\"elementor-divider-separator\">\n\t\t\t\t\t\t<\/span>\n\t\t<\/div>\n\t\t\t\t\t\t<\/div>\n\t\t\t\t<\/div>\n\t\t\t\t<div class=\"elementor-element elementor-element-be6383f elementor-widget elementor-widget-text-editor\" data-id=\"be6383f\" data-element_type=\"widget\" data-settings=\"{&quot;ekit_we_effect_on&quot;:&quot;none&quot;}\" data-widget_type=\"text-editor.default\">\n\t\t\t\t<div class=\"elementor-widget-container\">\n\t\t\t\t\t\t\t\t\t<p><span style=\"font-weight: 400;\">Avez-vous choisi pour une <\/span><b>peinture murale<\/b><span style=\"font-weight: 400;\"> de Wall Paintings ? <\/span><span style=\"font-weight: 400;\">Vous trouverez toutes les <\/span><b>informations n\u00e9cessaires <\/b><span style=\"font-weight: 400;\">\u00e9num\u00e9r\u00e9es ci-dessous.<\/span><\/p>\t\t\t\t\t\t\t\t<\/div>\n\t\t\t\t<\/div>\n\t\t\t\t<div class=\"elementor-element elementor-element-113c5a1 elementor-mobile-align-center elementor-tablet-align-left elementor-icon-list--layout-traditional elementor-list-item-link-full_width elementor-widget elementor-widget-icon-list\" data-id=\"113c5a1\" data-element_type=\"widget\" data-settings=\"{&quot;ekit_we_effect_on&quot;:&quot;none&quot;}\" data-widget_type=\"icon-list.default\">\n\t\t\t\t<div class=\"elementor-widget-container\">\n\t\t\t\t\t\t\t<ul class=\"elementor-icon-list-items\">\n\t\t\t\t\t\t\t<li class=\"elementor-icon-list-item\">\n\t\t\t\t\t\t\t\t\t\t\t<span class=\"elementor-icon-list-icon\">\n\t\t\t\t\t\t\t<i aria-hidden=\"true\" class=\"fas fa-check\"><\/i>\t\t\t\t\t\t<\/span>\n\t\t\t\t\t\t\t\t\t\t<span class=\"elementor-icon-list-text\">Je r\u00e9alise toutes mes peintures murales avec de la <b>peinture acrylique<\/b> \u00e0 <b>s\u00e9chage rapide<\/b>, <b>inodore<\/b> et adapt\u00e9e aux <b>enfants<\/b>.<\/span>\n\t\t\t\t\t\t\t\t\t<\/li>\n\t\t\t\t\t\t\t\t<li class=\"elementor-icon-list-item\">\n\t\t\t\t\t\t\t\t\t\t\t<span class=\"elementor-icon-list-icon\">\n\t\t\t\t\t\t\t<i aria-hidden=\"true\" class=\"fas fa-check\"><\/i>\t\t\t\t\t\t<\/span>\n\t\t\t\t\t\t\t\t\t\t<span class=\"elementor-icon-list-text\">Vous pouvez <b>laver<\/b> vos murs une fois que la peinture a s\u00e9ch\u00e9.<\/span>\n\t\t\t\t\t\t\t\t\t<\/li>\n\t\t\t\t\t\t\t\t<li class=\"elementor-icon-list-item\">\n\t\t\t\t\t\t\t\t\t\t\t<span class=\"elementor-icon-list-icon\">\n\t\t\t\t\t\t\t<i aria-hidden=\"true\" class=\"fas fa-check\"><\/i>\t\t\t\t\t\t<\/span>\n\t\t\t\t\t\t\t\t\t\t<span class=\"elementor-icon-list-text\">Avez-vous besoin de <b>peindre<\/b> votre mur avant que je vienne ? Dans ce cas, il est pr\u00e9f\u00e9rable d'utiliser une <b>peinture mate<\/b> ou <b>satin\u00e9e<\/b>.<\/span>\n\t\t\t\t\t\t\t\t\t<\/li>\n\t\t\t\t\t\t\t\t<li class=\"elementor-icon-list-item\">\n\t\t\t\t\t\t\t\t\t\t\t<span class=\"elementor-icon-list-icon\">\n\t\t\t\t\t\t\t<i aria-hidden=\"true\" class=\"fas fa-check\"><\/i>\t\t\t\t\t\t<\/span>\n\t\t\t\t\t\t\t\t\t\t<span class=\"elementor-icon-list-text\">Prenez votre rendez-vous \u00e0 temps pour \u00e9viter de <b>longs d\u00e9lais d'attente<\/b>. Avez-vous besoin d'une peinture <b>rapidement<\/b> (par exemple, pour une naissance ou une ouverture d'une entreprise) ? Veuillez me <a href=\"\/fr\/contact\/\"><b>contacter<\/b><\/a> et je verrai ce que je peux faire pour vous.<\/span>\n\t\t\t\t\t\t\t\t\t<\/li>\n\t\t\t\t\t\t\t\t<li class=\"elementor-icon-list-item\">\n\t\t\t\t\t\t\t\t\t\t\t<span class=\"elementor-icon-list-icon\">\n\t\t\t\t\t\t\t<i aria-hidden=\"true\" class=\"fas fa-check\"><\/i>\t\t\t\t\t\t<\/span>\n\t\t\t\t\t\t\t\t\t\t<span class=\"elementor-icon-list-text\">Je couvre les r\u00e9gions de <b>Wervik<\/b>, Gheluve, <b>Ypres<\/b>, Courtrai et <b>Roulers<\/b>. A partir de <b>80 km<\/b> (40 aller et 40 retour), je demande une indemnit\u00e9 kilom\u00e9trique de <b>0,3653 euros par kilom\u00e8tre<\/b>.<\/span>\n\t\t\t\t\t\t\t\t\t<\/li>\n\t\t\t\t\t\t\t\t<li class=\"elementor-icon-list-item\">\n\t\t\t\t\t\t\t\t\t\t\t<span class=\"elementor-icon-list-icon\">\n\t\t\t\t\t\t\t<i aria-hidden=\"true\" class=\"fas fa-check\"><\/i>\t\t\t\t\t\t<\/span>\n\t\t\t\t\t\t\t\t\t\t<span class=\"elementor-icon-list-text\">Si le travail dure <b>deux jours ou plus<\/b> et que l'aller est de plus de <b>100 km<\/b>, une nuit\u00e9e sera comprise dans le prix.qq<\/span>\n\t\t\t\t\t\t\t\t\t<\/li>\n\t\t\t\t\t\t<\/ul>\n\t\t\t\t\t\t<\/div>\n\t\t\t\t<\/div>\n\t\t\t\t\t<\/div>\n\t\t<\/div>\n\t\t\t\t<div class=\"elementor-column elementor-col-50 elementor-top-column elementor-element elementor-element-15adcf3e\" data-id=\"15adcf3e\" data-element_type=\"column\">\n\t\t\t<div class=\"elementor-widget-wrap elementor-element-populated\">\n\t\t\t\t\t\t<div class=\"elementor-element elementor-element-77efd03f animated-fast elementor-invisible elementor-widget elementor-widget-image\" data-id=\"77efd03f\" data-element_type=\"widget\" data-settings=\"{&quot;_animation&quot;:&quot;fadeInUp&quot;,&quot;ekit_we_effect_on&quot;:&quot;none&quot;}\" data-widget_type=\"image.default\">\n\t\t\t\t<div class=\"elementor-widget-container\">\n\t\t\t\t\t\t\t\t\t\t\t\t\t\t\t<img decoding=\"async\" width=\"412\" height=\"413\" src=\"https:\/\/wall-paintings.be\/wp-content\/uploads\/2021\/01\/7.jpg\" class=\"attachment-full size-full wp-image-1086\" alt=\"\" srcset=\"https:\/\/wall-paintings.be\/wp-content\/uploads\/2021\/01\/7.jpg 412w, https:\/\/wall-paintings.be\/wp-content\/uploads\/2021\/01\/7-300x300.jpg 300w, https:\/\/wall-paintings.be\/wp-content\/uploads\/2021\/01\/7-150x150.jpg 150w\" sizes=\"(max-width: 412px) 100vw, 412px\">\t\t\t\t\t\t\t\t\t\t\t\t\t\t\t<\/div>\n\t\t\t\t<\/div>\n\t\t\t\t<div class=\"elementor-element elementor-element-2869c0c3 animated-fast elementor-invisible elementor-widget elementor-widget-image\" data-id=\"2869c0c3\" data-element_type=\"widget\" data-settings=\"{&quot;_animation&quot;:&quot;fadeInUp&quot;,&quot;ekit_we_effect_on&quot;:&quot;none&quot;}\" data-widget_type=\"image.default\">\n\t\t\t\t<div class=\"elementor-widget-container\">\n\t\t\t\t\t\t\t\t\t\t\t\t\t\t\t<img loading=\"lazy\" decoding=\"async\" width=\"303\" height=\"280\" src=\"https:\/\/wall-paintings.be\/wp-content\/uploads\/2021\/01\/8.jpg\" class=\"attachment-full size-full wp-image-1087\" alt=\"\" srcset=\"https:\/\/wall-paintings.be\/wp-content\/uploads\/2021\/01\/8.jpg 303w, https:\/\/wall-paintings.be\/wp-content\/uploads\/2021\/01\/8-300x277.jpg 300w\" sizes=\"(max-width: 303px) 100vw, 303px\">\t\t\t\t\t\t\t\t\t\t\t\t\t\t\t<\/div>\n\t\t\t\t<\/div>\n\t\t\t\t\t<\/div>\n\t\t<\/div>\n\t\t\t\t\t<\/div>\n\t\t<\/section>\n\t\t\t\t<section class=\"elementor-section elementor-top-section elementor-element elementor-element-f53f743 elementor-section-content-middle elementor-section-boxed elementor-section-height-default elementor-section-height-default\" data-id=\"f53f743\" data-element_type=\"section\" data-settings=\"{&quot;background_background&quot;:&quot;classic&quot;,&quot;ekit_has_onepagescroll_dot&quot;:&quot;yes&quot;}\">\n\t\t\t\t\t\t<div class=\"elementor-container elementor-column-gap-no\">\n\t\t\t\t\t<div class=\"elementor-column elementor-col-100 elementor-top-column elementor-element elementor-element-1541b86\" data-id=\"1541b86\" data-element_type=\"column\">\n\t\t\t<div class=\"elementor-widget-wrap elementor-element-populated\">\n\t\t\t\t\t\t<div class=\"elementor-element elementor-element-76cdc12 elementor-widget elementor-widget-heading\" data-id=\"76cdc12\" data-element_type=\"widget\" data-settings=\"{&quot;ekit_we_effect_on&quot;:&quot;none&quot;}\" data-widget_type=\"heading.default\">\n\t\t\t\t<div class=\"elementor-widget-container\">\n\t\t\t\t\t<h2 class=\"elementor-heading-title elementor-size-default\">Souhaitez-vous en savoir plus sur ma m\u00e9thode de travail ?<\/h2>\t\t\t\t<\/div>\n\t\t\t\t<\/div>\n\t\t\t\t<div class=\"elementor-element elementor-element-b7ade5a elementor-widget elementor-widget-text-editor\" data-id=\"b7ade5a\" data-element_type=\"widget\" data-settings=\"{&quot;ekit_we_effect_on&quot;:&quot;none&quot;}\" data-widget_type=\"text-editor.default\">\n\t\t\t\t<div class=\"elementor-widget-container\">\n\t\t\t\t\t\t\t\t\t<p><span style=\"font-weight: 400;\">Je suis <\/span><span style=\"font-weight: 400;\">heureuse<\/span><span style=\"font-weight: 400;\"> de prendre le temps de r\u00e9pondre \u00e0 toutes vos questions et commentaires.<\/span><\/p>\t\t\t\t\t\t\t\t<\/div>\n\t\t\t\t<\/div>\n\t\t\t\t<div class=\"elementor-element elementor-element-b542eee elementor-mobile-align-center elementor-align-center elementor-widget elementor-widget-button\" data-id=\"b542eee\" data-element_type=\"widget\" data-settings=\"{&quot;ekit_we_effect_on&quot;:&quot;none&quot;}\" data-widget_type=\"button.default\">\n\t\t\t\t<div class=\"elementor-widget-container\">\n\t\t\t\t\t\t\t\t\t<div class=\"elementor-button-wrapper\">\n\t\t\t\t\t<a class=\"elementor-button elementor-button-link elementor-size-md\" href=\"\/fr\/contact\/\">\n\t\t\t\t\t\t<span class=\"elementor-button-content-wrapper\">\n\t\t\t\t\t\t\t\t\t<span class=\"elementor-button-text\">Contactez-moi<\/span>\n\t\t\t\t\t<\/span>\n\t\t\t\t\t<\/a>\n\t\t\t\t<\/div>\n\t\t\t\t\t\t\t\t<\/div>\n\t\t\t\t<\/div>\n\t\t\t\t\t<\/div>\n\t\t<\/div>\n\t\t\t\t\t<\/div>\n\t\t<\/section>\n\t\t\t\t<\/div>\n\t\t","protected":false},"excerpt":{"rendered":"<p>M\u00e9thode de travail Votre peinture murale, de l&rsquo;id\u00e9e \u00e0 la r\u00e9alisation Souhaitez-vous une peinture murale et avez-vous d\u00e9j\u00e0 quelques id\u00e9es en t\u00eate ? Vous pouvez m&rsquo;appeler, m&rsquo;envoyer un e-mail ou remplir mon formulaire de contact. Vous pouvez m&rsquo;envoyer des photos ou des croquis ainsi que toutes autres informations utiles (telles que les dimensions, la surface [&hellip;]<\/p>\n","protected":false},"author":1,"featured_media":0,"parent":0,"menu_order":0,"comment_status":"closed","ping_status":"closed","template":"elementor_header_footer","meta":{"footnotes":""},"class_list":["post-1596","page","type-page","status-publish","hentry"],"_links":{"self":[{"href":"https:\/\/wall-paintings.be\/fr\/wp-json\/wp\/v2\/pages\/1596","targetHints":{"allow":["GET"]}}],"collection":[{"href":"https:\/\/wall-paintings.be\/fr\/wp-json\/wp\/v2\/pages"}],"about":[{"href":"https:\/\/wall-paintings.be\/fr\/wp-json\/wp\/v2\/types\/page"}],"author":[{"embeddable":true,"href":"https:\/\/wall-paintings.be\/fr\/wp-json\/wp\/v2\/users\/1"}],"replies":[{"embeddable":true,"href":"https:\/\/wall-paintings.be\/fr\/wp-json\/wp\/v2\/comments?post=1596"}],"version-history":[{"count":18,"href":"https:\/\/wall-paintings.be\/fr\/wp-json\/wp\/v2\/pages\/1596\/revisions"}],"predecessor-version":[{"id":2370,"href":"https:\/\/wall-paintings.be\/fr\/wp-json\/wp\/v2\/pages\/1596\/revisions\/2370"}],"wp:attachment":[{"href":"https:\/\/wall-paintings.be\/fr\/wp-json\/wp\/v2\/media?parent=1596"}],"curies":[{"name":"wp","href":"https:\/\/api.w.org\/{rel}","templated":true}]}}